{"id":811,"date":"2023-04-16T20:43:43","date_gmt":"2023-04-16T20:43:43","guid":{"rendered":"https:\/\/medtis.ch\/?page_id=811"},"modified":"2025-09-30T10:29:23","modified_gmt":"2025-09-30T10:29:23","slug":"datenschutz","status":"publish","type":"page","link":"https:\/\/medtis.ch\/en\/datenschutz\/","title":{"rendered":"Data protection"},"content":{"rendered":"<div data-elementor-type=\"wp-page\" data-elementor-id=\"811\" class=\"elementor elementor-811\">\n\t\t\t\t\t\t<section class=\"elementor-section elementor-top-section elementor-element elementor-element-b2ecc8c elementor-section-boxed elementor-section-height-default elementor-section-height-default\" data-id=\"b2ecc8c\" data-element_type=\"section\">\n\t\t\t\t\t\t<div class=\"elementor-container elementor-column-gap-default\">\n\t\t\t\t\t<div class=\"elementor-column elementor-col-100 elementor-top-column elementor-element elementor-element-d432fda\" data-id=\"d432fda\" data-element_type=\"column\">\n\t\t\t<div class=\"elementor-widget-wrap elementor-element-populated\">\n\t\t\t\t\t\t<div class=\"elementor-element elementor-element-05e81cc elementor-widget elementor-widget-heading\" data-id=\"05e81cc\" data-element_type=\"widget\" data-widget_type=\"heading.default\">\n\t\t\t\t<div class=\"elementor-widget-container\">\n\t\t\t<h2 class=\"elementor-heading-title elementor-size-default\">General information<\/h2>\t\t<\/div>\n\t\t\t\t<\/div>\n\t\t\t\t<div class=\"elementor-element elementor-element-13787b8 elementor-widget elementor-widget-text-editor\" data-id=\"13787b8\" data-element_type=\"widget\" data-widget_type=\"text-editor.default\">\n\t\t\t\t<div class=\"elementor-widget-container\">\n\t\t\t\t\t\t\t<p>The following notes provide a simple overview of what happens to your personal data when you visit our website. Personal data is all data with which you can be personally identified. Detailed information on the subject of data protection can be found in our data protection declaration listed under this text<\/p>\n<p><strong>&nbsp;<\/strong><span style=\"color: var( --e-global-color-secondary ); font-family: var( --e-global-typography-text-font-family ), Sans-serif; font-weight: var( --e-global-typography-text-font-weight ); font-size: 1rem;\">Gest\u00fctzt auf Artikel 13 der Schweizerischen Bundesverfassung und die datenschutzrechtlichen Bestimmungen des Bundes (Datenschutzgesetz, DSG) hat jede Person Anspruch auf Schutz ihrer Privatsph\u00e4re sowie auf Schutz vor Missbrauch ihrer pers\u00f6nlichen Daten. Wir halten diese Bestimmungen ein.&nbsp; Pers\u00f6nliche Daten werden streng vertraulich behandelt und weder an Dritte verkauft noch weitergegeben. In enger Zusammenarbeit mit unseren Hosting-Providern bem\u00fchen wir uns, die Datenbanken so gut wie m\u00f6glich vor fremden Zugriffen, Verlusten, Missbrauch oder vor F\u00e4lschung zu sch\u00fctzen. Beim Zugriff auf unsere Webseiten werden folgende Daten in Logfiles gespeichert: IP-Adresse, Datum, Uhrzeit, Browser-Anfrage und allg. \u00fcbertragene Informationen zum Betriebssystem resp. Browser. Diese Nutzungsdaten bilden die Basis f\u00fcr statistische, anonyme Auswertungen, so dass Trends erkennbar sind, anhand derer wir unsere Angebote entsprechend verbessern k\u00f6nnen.<\/span><\/p>\n<p>Wir weisen darauf hin, dass die Daten\u00fcbertragung im Internet (z.B. bei der Kommunikation per E-Mail) Sicherheitsl\u00fccken aufweisen kann. Ein l\u00fcckenloser Schutz der Daten vor dem Zugriff durch Dritte ist nicht m\u00f6glich. Wenn du uns per Kontaktformular Anfragen zukommen l\u00e4sst, werden deine Angaben aus dem Anfrageformular inklusive der von dir dort angegebenen Kontaktdaten zwecks Bearbeitung der Anfrage und f\u00fcr den Fall von Anschlussfragen bei uns gespeichert. Diese Daten geben wir nicht ohne deine Einwilligung weiter.<\/p>\n<p><\/p>\n<p><strong>Disclaimer<\/strong><\/p>\n<p>Die medtis GmbH \u00fcbernimmt keinerlei Gew\u00e4hr hinsichtlich der inhaltlichen Richtigkeit, Genauigkeit, Aktualit\u00e4t, Zuverl\u00e4ssigkeit und Vollst\u00e4ndigkeit der Informationen. Haftungsanspr\u00fcche gegen die medtis GmbH wegen Sch\u00e4den materieller oder immaterieller Art, welche aus dem Zugriff oder der Nutzung bzw. Nichtnutzung der ver\u00f6ffentlichten Informationen, durch Missbrauch der Verbindung oder durch technische St\u00f6rungen entstanden sind, werden ausgeschlossen. Alle Angebote sind unverbindlich. Die medtis GmbH beh\u00e4lt es sich ausdr\u00fccklich vor, Teile der Seiten oder das gesamte Angebot ohne gesonderte Ank\u00fcndigung zu ver\u00e4ndern, zu erg\u00e4nzen, zu l\u00f6schen oder die Ver\u00f6ffentlichung zeitweise oder endg\u00fcltig einzustellen.<\/p>\n<p>Verweise und Links auf Webseiten Dritter liegen ausserhalb unseres Verantwortungsbereichs Es wird jegliche Verantwortung f\u00fcr solche Webseiten abgelehnt.&nbsp; Der Zugriff und die Nutzung solcher Webseiten erfolgen auf eigene Gefahr des Nutzers oder der Nutzerin.<\/p>\n<p><\/p>\n<p><strong>Urheberrechte<\/strong><\/p>\n<p>Die Urheber- und alle anderen Rechte an Inhalten, Bildern, Fotos oder anderen Dateien auf der Website geh\u00f6ren ausschliesslich der medtis GmbH oder den speziell genannten Rechtsinhabern. F\u00fcr die Reproduktion jeglicher Elemente ist die schriftliche Zustimmung der Urheberrechtstr\u00e4ger im Voraus einzuholen.<\/p>\n<p><\/p>\n<p><strong>Google Analytics<\/strong><\/p>\n<p>Diese Website benutzt Google Analytics, einen Webanalysedienst der&nbsp; Google Inc. (&#171;Google&#187;). Google Analytics verwendet sog. &#171;Cookies&#187;, Textdateien, die auf deinem Computer gespeichert werden und die eine Analyse der Benutzung der Website durch dich erm\u00f6glichen. Die durch die Cookies erzeugten Informationen \u00fcber deine Benutzung dieser Website werden in der Regel an einen Server von Google in den USA \u00fcbertragen und dort gespeichert.<\/p>\n<p>Google wird diese Informationen benutzen, um deine Nutzung der Website auszuwerten, um Reports \u00fcber die Websiteaktivit\u00e4ten f\u00fcr die Websitebetreiber zusammenzustellen und um weitere mit der Websitenutzung und der Internetnutzung verbundene Dienstleistungen zu erbringen. Auch wird Google diese Informationen gegebenenfalls an Dritte \u00fcbertragen, sofern dies gesetzlich vorgeschrieben oder soweit Dritte diese Daten im Auftrag von Google verarbeiten. Die im Rahmen von Google Analytics von deinem Browser \u00fcbermittelte IP-Adresse wird nicht mit anderen Daten von Google zusammengef\u00fchrt.<\/p>\n<p>In deinem Browser kannst du die Cookies in den Einstellungen jederzeit ganz oder teilweise deaktivieren. Bei deaktivierten Cookies stehen dir allenfalls nicht mehr alle Funktionen dieser Website zur Verf\u00fcgung. Mehr Informationen zum Umgang mit Nutzerdaten bei Google Analytics findest du in der Datenschutzerkl\u00e4rung von Google: https:\/\/support.google.com\/analytics\/answer\/6004245?hl=de.<\/p>\n<p>Diese Website nutzt ausserdem die Funktion \u201cdemografische Merkmale\u201d von Google Analytics. Dadurch k\u00f6nnen Berichte erstellt werden, die Aussagen zu Alter, Geschlecht und Interessen der Seitenbesucher enthalten. Diese Daten stammen aus interessenbezogener Werbung von Google sowie aus Besucherdaten von Drittanbietern. Diese Daten k\u00f6nnen keiner bestimmten Person zugeordnet werden. Du kannst diese Funktion jederzeit \u00fcber die Anzeigeneinstellungen in deinem Google-Konto deaktivieren.<\/p>\n<p><\/p>\n<p><strong>Hotjar<\/strong><\/p>\n<p>Diese Website benutzt Hotjar, ein Analysesoftware der Hotjar Ltd. (\u201eHotjar\u201c) (http:\/\/www.hotjar.com, Level 2, St Julian&#8217;s Business Centre, 3, Elia Zammit Street, St Julian&#8217;s STJ 1000, Malta, Europe). Mit Hotjar ist es m\u00f6glich das Nutzungsverhalten (Klicks, Mausbewegungen, Scrollh\u00f6hen, etc.) auf unserer Website zu messen und auszuwerten. Die Informationen die dabei durch den \u201eTracking Code\u201c und \u201eCookie\u201c \u00fcber Ihren Besuch auf unserer Website generiert werden, werden an die Hotjar Server in Irland \u00fcbermittelt und dort gespeichert. Durch den Tracking Code werden folgenden Informationen gesammelt: Die IP-Adresse deines Ger\u00e4tes (gesammelt und abgespeichert in einem anonymisierten Format), deine E-Mail-Adresse inklusive deines Vor- und Nachnamens, soweit du diese \u00fcber unsere Website uns zur Verf\u00fcgung gestellt hast, Bildschirmgr\u00f6sse deines Ger\u00e4tes, Ger\u00e4tetyp und Browserinformation, geographischer Standpunkt (nur das Land), die bevorzugte Sprache um unsere Website darzustellen, Nutzerinteraktionen, Mausereignisse und Tastatureingaben.<\/p>\n<p>Hotjar wird diese Informationen nutzen um deine Nutzung unserer Website auszuwerten, Berichte der Nutzung zu erstellen, sowie sonstige Dienstleistungen, die die Websitebenutzung und Internetauswertung der Website betreffen. Hotjar benutzt zur Leistungserbringung auch Dienstleistungen von Drittunternehmen, wie beispielsweise Google Analytics und Optimizely. Diese Drittunternehmer k\u00f6nnen Informationen, die dein Browser im Rahmen des Website-Besuches sendet, wie beispielsweise Cookies oder IP-Anfragen, speichern. F\u00fcr n\u00e4here Informationen, wie Google Analytics und Optimizely Daten speichern und verwenden, beachte bitte deren entsprechende Datenschutzerkl\u00e4rungen.<\/p>\n<p>Wenn du diese Website weiter nutzen, stimmst du der oben genannten Verarbeitung der dortigen Daten durch Hotjar und deren Drittanbieter im Rahmen derer Datenschutzerkl\u00e4rungen zu. Du kannst die Erfassung der Daten durch Hotjar verhindern, indem du auf folgenden Link klickst und die dortigen Instruktionen befolgen: <a href=\"https:\/\/www.hotjar.com\/opt-out\">https:\/\/www.hotjar.com\/opt-out<\/a>.<\/p>\n<p><\/p>\n<p data-start=\"338\" data-end=\"877\" style=\"caret-color: rgb(0, 0, 0); color: rgb(0, 0, 0);\"><strong data-start=\"338\" data-end=\"380\">E-Mail-Marketing und Newsletterversand<\/strong><\/p><p data-start=\"338\" data-end=\"877\" style=\"caret-color: rgb(0, 0, 0); color: rgb(0, 0, 0);\">Wenn Sie sich f\u00fcr unseren E-Mail-Newsletter, unsere Veranstaltungen oder den Erhalt von Informationen per E-Mail registrieren, verwenden wir Ihre personenbezogenen Daten (z. B. Name, E-Mail-Adresse) ausschliesslich, um Ihnen regelm\u00e4ssig Informationen zu unseren eigenen Leistungen, Veranstaltungen sowie zu Angeboten ausgew\u00e4hlter Partnerunternehmen zukommen zu lassen. Der Versand erfolgt stets \u00fcber uns als verantwortliche Stelle \u2013 Ihre Daten werden nicht ohne Ihre ausdr\u00fcckliche Einwilligung an Dritte weitergegeben.<\/p>\n<p data-start=\"879\" data-end=\"1129\" style=\"caret-color: rgb(0, 0, 0); color: rgb(0, 0, 0);\">Rechtsgrundlage f\u00fcr den Versand ist Ihre Einwilligung gem\u00e4\u00df Art. 6 Abs. 1 lit. a DSGVO. Sie k\u00f6nnen Ihre Einwilligung jederzeit mit Wirkung f\u00fcr die Zukunft widerrufen, indem Sie den Abmeldelink in unseren E-Mails nutzen oder uns direkt kontaktieren.<\/p>\n<p data-start=\"879\" data-end=\"1129\" style=\"caret-color: rgb(0, 0, 0); color: rgb(0, 0, 0);\"><span style=\"font-family: var( --e-global-typography-text-font-family ), Sans-serif; font-size: 1rem;\">F\u00fcr den technischen Versand unserer E-Mails setzen wir ggf. einen externen Dienstleister (E-Mail-Marketing-Tool) ein, der die Daten ausschliesslich in unserem Auftrag verarbeitet (Auftragsverarbeitung nach Art. 28 DSGVO).<\/span><\/p>\n<p><strong>Contact Form<\/strong><\/p>\n<p>Wenn Sie uns per Kontaktformular Anfragen zukommen lassen, werden Ihre Angaben aus dem Anfrageformular inklusive der von Ihnen dort angegebenen Kontaktdaten zwecks Bearbeitung der Anfrage und f\u00fcr den Fall von Anschlussfragen bei uns gespeichert. Diese Daten geben wir nicht ohne Ihre Einwilligung weiter.<br>Die Verarbeitung der in das Kontaktformular eingegebenen Daten erfolgt somit ausschliesslich auf Grundlage Ihrer Einwilligung (Art. 6 Abs. 1 lit. a DSGVO). Sie k\u00f6nnen diese Einwilligung jederzeit widerrufen. Dazu reicht eine formlose Mitteilung per E-Mail an uns. Die Rechtm\u00e4ssigkeit der bis zum Widerruf erfolgten Datenverarbeitungsvorg\u00e4nge bleibt vom Widerruf unber\u00fchrt.<br>Die von Ihnen im Kontaktformular eingegebenen Daten verbleiben bei uns, bis Sie uns zur L\u00f6schung auffordern, Ihre Einwilligung zur Speicherung widerrufen oder der Zweck f\u00fcr die Datenspeicherung entf\u00e4llt (z.B. nach abgeschlossener Bearbeitung Ihrer Anfrage). Zwingende gesetzliche Bestimmungen \u2013 insbesondere Aufbewahrungsfristen \u2013 bleiben unber\u00fchrt.<\/p>\t\t\t\t\t\t<\/div>\n\t\t\t\t<\/div>\n\t\t\t\t\t<\/div>\n\t\t<\/div>\n\t\t\t\t\t<\/div>\n\t\t<\/section>\n\t\t\t\t<\/div>","protected":false},"excerpt":{"rendered":"<p>Allgemeine Hinweise Die folgenden Hinweise geben einen einfachen \u00dcberblick dar\u00fcber, was mit Ihren personenbezogenen Daten passiert, wenn Sie unsere Website besuchen. Personenbezogene Daten sind alle Daten, mit denen Sie pers\u00f6nlich [&hellip;]<\/p>","protected":false},"author":1,"featured_media":0,"parent":0,"menu_order":0,"comment_status":"closed","ping_status":"closed","template":"elementor_header_footer","meta":{"footnotes":""},"class_list":["post-811","page","type-page","status-publish","hentry"],"_links":{"self":[{"href":"https:\/\/medtis.ch\/en\/wp-json\/wp\/v2\/pages\/811","targetHints":{"allow":["GET"]}}],"collection":[{"href":"https:\/\/medtis.ch\/en\/wp-json\/wp\/v2\/pages"}],"about":[{"href":"https:\/\/medtis.ch\/en\/wp-json\/wp\/v2\/types\/page"}],"author":[{"embeddable":true,"href":"https:\/\/medtis.ch\/en\/wp-json\/wp\/v2\/users\/1"}],"replies":[{"embeddable":true,"href":"https:\/\/medtis.ch\/en\/wp-json\/wp\/v2\/comments?post=811"}],"version-history":[{"count":19,"href":"https:\/\/medtis.ch\/en\/wp-json\/wp\/v2\/pages\/811\/revisions"}],"predecessor-version":[{"id":2869,"href":"https:\/\/medtis.ch\/en\/wp-json\/wp\/v2\/pages\/811\/revisions\/2869"}],"wp:attachment":[{"href":"https:\/\/medtis.ch\/en\/wp-json\/wp\/v2\/media?parent=811"}],"curies":[{"name":"wp","href":"https:\/\/api.w.org\/{rel}","templated":true}]}}